{"id":252,"date":"2014-06-03T17:50:03","date_gmt":"2014-06-03T16:50:03","guid":{"rendered":"http:\/\/biohof-schorfheide.de\/wp\/?page_id=252"},"modified":"2015-01-22T18:46:26","modified_gmt":"2015-01-22T17:46:26","slug":"rindergulasch","status":"publish","type":"page","link":"https:\/\/biohof-schorfheide.de\/wp\/?page_id=252","title":{"rendered":"Rindergulasch"},"content":{"rendered":"<p>Rindergulasch f\u00fcr 10 Personen (aus der Keule, am besten die Oberschale)<\/p>\n<ul>\n<li>1,8 kg Rindergulasch<\/li>\n<li>1 kg Zwiebeln<\/li>\n<li>3 Teel\u00f6ffel Paprikapulver, Salz, frischer Knoblauch, Zitronenzeste, etwas K\u00fcmmel: alles zu einem Brei zerdr\u00fccken<\/li>\n<li>3 Teel\u00f6ffel Tomatenmark<\/li>\n<li>3 Liter Wasser oder Br\u00fche<\/li>\n<li>Salz,Pfeffer<\/li>\n<\/ul>\n<p>Zwiebelscheiben anschwitzen, Rindergulasch dazugeben und gut anbraten. Mit Paprikapulver best\u00e4uben und Tomatenmark dazugeben. Anschlie\u00dfend mit Wasser oder Br\u00fche aufgie\u00dfen, einkochen lassen und fertig schmoren\u00a0 &#8211; nach Geschmack pikant w\u00fcrzen.<\/p>\n<p>Als Beilage passen Sp\u00e4tzle oder Nudeln und ein frischer, gemischter Salat!<\/p>\n<p>&nbsp;<\/p>\n<div><\/div>\n<div><\/div>\n","protected":false},"excerpt":{"rendered":"<p>Rindergulasch f\u00fcr 10 Personen (aus der Keule, am besten die Oberschale) 1,8 kg Rindergulasch 1 kg Zwiebeln 3 Teel\u00f6ffel Paprikapulver, Salz, frischer Knoblauch, Zitronenzeste, etwas K\u00fcmmel: alles zu einem Brei zerdr\u00fccken 3 Teel\u00f6ffel Tomatenmark 3 Liter Wasser oder Br\u00fche Salz,Pfeffer Zwiebelscheiben anschwitzen, Rindergulasch dazugeben und gut anbraten. Mit Paprikapulver best\u00e4uben und Tomatenmark dazugeben. Anschlie\u00dfend mit [&hellip;]<\/p>\n","protected":false},"author":3,"featured_media":244,"parent":48,"menu_order":0,"comment_status":"closed","ping_status":"closed","template":"","meta":{"footnotes":""},"class_list":["post-252","page","type-page","status-publish","has-post-thumbnail","hentry"],"_links":{"self":[{"href":"https:\/\/biohof-schorfheide.de\/wp\/index.php?rest_route=\/wp\/v2\/pages\/252","targetHints":{"allow":["GET"]}}],"collection":[{"href":"https:\/\/biohof-schorfheide.de\/wp\/index.php?rest_route=\/wp\/v2\/pages"}],"about":[{"href":"https:\/\/biohof-schorfheide.de\/wp\/index.php?rest_route=\/wp\/v2\/types\/page"}],"author":[{"embeddable":true,"href":"https:\/\/biohof-schorfheide.de\/wp\/index.php?rest_route=\/wp\/v2\/users\/3"}],"replies":[{"embeddable":true,"href":"https:\/\/biohof-schorfheide.de\/wp\/index.php?rest_route=%2Fwp%2Fv2%2Fcomments&post=252"}],"version-history":[{"count":5,"href":"https:\/\/biohof-schorfheide.de\/wp\/index.php?rest_route=\/wp\/v2\/pages\/252\/revisions"}],"predecessor-version":[{"id":272,"href":"https:\/\/biohof-schorfheide.de\/wp\/index.php?rest_route=\/wp\/v2\/pages\/252\/revisions\/272"}],"up":[{"embeddable":true,"href":"https:\/\/biohof-schorfheide.de\/wp\/index.php?rest_route=\/wp\/v2\/pages\/48"}],"wp:featuredmedia":[{"embeddable":true,"href":"https:\/\/biohof-schorfheide.de\/wp\/index.php?rest_route=\/wp\/v2\/media\/244"}],"wp:attachment":[{"href":"https:\/\/biohof-schorfheide.de\/wp\/index.php?rest_route=%2Fwp%2Fv2%2Fmedia&parent=252"}],"curies":[{"name":"wp","href":"https:\/\/api.w.org\/{rel}","templated":true}]}}