{"id":38,"date":"2013-08-27T18:36:44","date_gmt":"2013-08-27T18:36:44","guid":{"rendered":"http:\/\/biohof-schorfheide.de\/wp\/?page_id=38"},"modified":"2014-01-24T14:45:27","modified_gmt":"2014-01-24T14:45:27","slug":"kontrolle","status":"publish","type":"page","link":"https:\/\/biohof-schorfheide.de\/wp\/?page_id=38","title":{"rendered":"Kontrolle"},"content":{"rendered":"<p><a href=\"http:\/\/biohof-schorfheide.de\/wp\/wp-content\/uploads\/2013\/08\/IMG_6899w.jpg\"><img loading=\"lazy\" decoding=\"async\" class=\"alignright size-large wp-image-152\" alt=\"Futter\" src=\"http:\/\/biohof-schorfheide.de\/wp\/wp-content\/uploads\/2013\/08\/IMG_6899w-1024x419.jpg\" width=\"625\" height=\"255\" srcset=\"https:\/\/biohof-schorfheide.de\/wp\/wp-content\/uploads\/2013\/08\/IMG_6899w-1024x419.jpg 1024w, https:\/\/biohof-schorfheide.de\/wp\/wp-content\/uploads\/2013\/08\/IMG_6899w-300x122.jpg 300w, https:\/\/biohof-schorfheide.de\/wp\/wp-content\/uploads\/2013\/08\/IMG_6899w-624x255.jpg 624w, https:\/\/biohof-schorfheide.de\/wp\/wp-content\/uploads\/2013\/08\/IMG_6899w.jpg 1500w\" sizes=\"auto, (max-width: 625px) 100vw, 625px\" \/><\/a>Der Biohof Schorfheide und die Verarbeitungsst\u00e4tte f\u00fcr das Fleisch werden j\u00e4hrlich nach den strengen Vorgaben der europ\u00e4ischen Union \u00fcberpr\u00fcft und zertifiziert.\u00a0Vordergr\u00fcndig\u00a0dabei ist der ausschlie\u00dfliche Einsatz von \u00f6kologischem Saatgut, \u00f6kologisch erzeugten Futter sowie der ein \u00e4u\u00dferst restriktive Einsatz von Medikamenten.<strong> Die Kontrollnummer lautet DE -BB-021-2263 &#8211; A.<\/strong> Der Hof liegt in der gr\u00f6\u00dften komplett gentechnikfreien Anbauzone Norddeutschlands, der s\u00fcdlichen Uckermark.<\/p>\n<p>&nbsp;<\/p>\n","protected":false},"excerpt":{"rendered":"<p>Der Biohof Schorfheide und die Verarbeitungsst\u00e4tte f\u00fcr das Fleisch werden j\u00e4hrlich nach den strengen Vorgaben der europ\u00e4ischen Union \u00fcberpr\u00fcft und zertifiziert.\u00a0Vordergr\u00fcndig\u00a0dabei ist der ausschlie\u00dfliche Einsatz von \u00f6kologischem Saatgut, \u00f6kologisch erzeugten Futter sowie der ein \u00e4u\u00dferst restriktive Einsatz von Medikamenten. Die Kontrollnummer lautet DE -BB-021-2263 &#8211; A. Der Hof liegt in der gr\u00f6\u00dften komplett gentechnikfreien Anbauzone [&hellip;]<\/p>\n","protected":false},"author":1,"featured_media":0,"parent":0,"menu_order":0,"comment_status":"closed","ping_status":"closed","template":"","meta":{"footnotes":""},"class_list":["post-38","page","type-page","status-publish","hentry"],"_links":{"self":[{"href":"https:\/\/biohof-schorfheide.de\/wp\/index.php?rest_route=\/wp\/v2\/pages\/38","targetHints":{"allow":["GET"]}}],"collection":[{"href":"https:\/\/biohof-schorfheide.de\/wp\/index.php?rest_route=\/wp\/v2\/pages"}],"about":[{"href":"https:\/\/biohof-schorfheide.de\/wp\/index.php?rest_route=\/wp\/v2\/types\/page"}],"author":[{"embeddable":true,"href":"https:\/\/biohof-schorfheide.de\/wp\/index.php?rest_route=\/wp\/v2\/users\/1"}],"replies":[{"embeddable":true,"href":"https:\/\/biohof-schorfheide.de\/wp\/index.php?rest_route=%2Fwp%2Fv2%2Fcomments&post=38"}],"version-history":[{"count":7,"href":"https:\/\/biohof-schorfheide.de\/wp\/index.php?rest_route=\/wp\/v2\/pages\/38\/revisions"}],"predecessor-version":[{"id":194,"href":"https:\/\/biohof-schorfheide.de\/wp\/index.php?rest_route=\/wp\/v2\/pages\/38\/revisions\/194"}],"wp:attachment":[{"href":"https:\/\/biohof-schorfheide.de\/wp\/index.php?rest_route=%2Fwp%2Fv2%2Fmedia&parent=38"}],"curies":[{"name":"wp","href":"https:\/\/api.w.org\/{rel}","templated":true}]}}