{"id":9,"date":"2013-04-20T20:16:30","date_gmt":"2013-04-20T20:16:30","guid":{"rendered":"http:\/\/biohof-schorfheide.de\/wp\/?page_id=9"},"modified":"2015-01-09T18:27:31","modified_gmt":"2015-01-09T17:27:31","slug":"x1","status":"publish","type":"page","link":"https:\/\/biohof-schorfheide.de\/wp\/?page_id=9","title":{"rendered":"Rasse"},"content":{"rendered":"<p><a href=\"http:\/\/biohof-schorfheide.de\/wp\/wp-content\/uploads\/2013\/04\/IMG_71011w.jpg\"><img loading=\"lazy\" decoding=\"async\" class=\"alignnone size-large wp-image-132\" src=\"http:\/\/biohof-schorfheide.de\/wp\/wp-content\/uploads\/2013\/04\/IMG_71011w-1024x408.jpg\" alt=\"Kuh\" width=\"625\" height=\"249\" srcset=\"https:\/\/biohof-schorfheide.de\/wp\/wp-content\/uploads\/2013\/04\/IMG_71011w-1024x408.jpg 1024w, https:\/\/biohof-schorfheide.de\/wp\/wp-content\/uploads\/2013\/04\/IMG_71011w-300x119.jpg 300w, https:\/\/biohof-schorfheide.de\/wp\/wp-content\/uploads\/2013\/04\/IMG_71011w-624x249.jpg 624w, https:\/\/biohof-schorfheide.de\/wp\/wp-content\/uploads\/2013\/04\/IMG_71011w.jpg 1500w\" sizes=\"auto, (max-width: 625px) 100vw, 625px\" \/><\/a><\/p>\n<p>Die Robust-Rasse <strong>Scottish Highland Cattle<\/strong> ist eine urige und seit Hunderten von Jahren ungekreuzte Rasse. Sie werden in den Bergen Schottlands und auf den Atlantikinseln gehalten. Anders als viele der \u00fcberz\u00fcchteten Rassen Westeuropas sind sie anspruchslos und instinktbegabt.<\/p>\n<p>Die Herde des Biohof Schorfheide weidet ganzj\u00e4hrig in der freien Natur und ern\u00e4hrt sich ausschlie\u00dflich von Gras und Heu. Regen und Wind k\u00f6nnen den Naturpelz nicht durchdringen. Stallhaltung kommt f\u00fcr diese Rasse nicht in Frage. Auch bei tiefsten Temperaturen reicht ein \u00fcppiger Liegeplatz aus Stroh und Heu.<\/p>\n<p>Der Bulle begleitet die Herde das ganze Jahr und sorgt so f\u00fcr eine nat\u00fcrliche Arterhaltung. Die Milch der K\u00fche steht nur den K\u00e4lbern zur Verf\u00fcgung. Der Nachwuchs kommt in der Regel ohne menschliche Hilfe zur Welt. Auch bei Minusgraden wird das Kalb von der Mutter trockengeleckt und steht schon nach ein bis zwei Minuten auf den eigenen Beinen. Gem\u00e4\u00df der Biorichtlinien steht jeder Mutterkuh und ihrem Kalb mindestens 2 ha Gr\u00fclnand zur Verf\u00fcgung.<\/p>\n<p><a href=\"http:\/\/biohof-schorfheide.de\/wp\/wp-content\/uploads\/2013\/12\/IMG_5002we.jpg\"><img loading=\"lazy\" decoding=\"async\" class=\"alignnone size-medium wp-image-173\" src=\"http:\/\/biohof-schorfheide.de\/wp\/wp-content\/uploads\/2013\/12\/IMG_5002we-300x221.jpg\" alt=\"Kalb\" width=\"300\" height=\"221\" srcset=\"https:\/\/biohof-schorfheide.de\/wp\/wp-content\/uploads\/2013\/12\/IMG_5002we-300x221.jpg 300w, https:\/\/biohof-schorfheide.de\/wp\/wp-content\/uploads\/2013\/12\/IMG_5002we-1024x756.jpg 1024w, https:\/\/biohof-schorfheide.de\/wp\/wp-content\/uploads\/2013\/12\/IMG_5002we-624x460.jpg 624w, https:\/\/biohof-schorfheide.de\/wp\/wp-content\/uploads\/2013\/12\/IMG_5002we.jpg 1500w\" sizes=\"auto, (max-width: 300px) 100vw, 300px\" \/><\/a><\/p>\n<p>Sommerkalb<\/p>\n<p>&nbsp;<\/p>\n<p>&nbsp;<\/p>\n","protected":false},"excerpt":{"rendered":"<p>Die Robust-Rasse Scottish Highland Cattle ist eine urige und seit Hunderten von Jahren ungekreuzte Rasse. Sie werden in den Bergen Schottlands und auf den Atlantikinseln gehalten. Anders als viele der \u00fcberz\u00fcchteten Rassen Westeuropas sind sie anspruchslos und instinktbegabt. Die Herde des Biohof Schorfheide weidet ganzj\u00e4hrig in der freien Natur und ern\u00e4hrt sich ausschlie\u00dflich von Gras [&hellip;]<\/p>\n","protected":false},"author":2,"featured_media":0,"parent":0,"menu_order":0,"comment_status":"closed","ping_status":"closed","template":"","meta":{"footnotes":""},"class_list":["post-9","page","type-page","status-publish","hentry"],"_links":{"self":[{"href":"https:\/\/biohof-schorfheide.de\/wp\/index.php?rest_route=\/wp\/v2\/pages\/9","targetHints":{"allow":["GET"]}}],"collection":[{"href":"https:\/\/biohof-schorfheide.de\/wp\/index.php?rest_route=\/wp\/v2\/pages"}],"about":[{"href":"https:\/\/biohof-schorfheide.de\/wp\/index.php?rest_route=\/wp\/v2\/types\/page"}],"author":[{"embeddable":true,"href":"https:\/\/biohof-schorfheide.de\/wp\/index.php?rest_route=\/wp\/v2\/users\/2"}],"replies":[{"embeddable":true,"href":"https:\/\/biohof-schorfheide.de\/wp\/index.php?rest_route=%2Fwp%2Fv2%2Fcomments&post=9"}],"version-history":[{"count":17,"href":"https:\/\/biohof-schorfheide.de\/wp\/index.php?rest_route=\/wp\/v2\/pages\/9\/revisions"}],"predecessor-version":[{"id":340,"href":"https:\/\/biohof-schorfheide.de\/wp\/index.php?rest_route=\/wp\/v2\/pages\/9\/revisions\/340"}],"wp:attachment":[{"href":"https:\/\/biohof-schorfheide.de\/wp\/index.php?rest_route=%2Fwp%2Fv2%2Fmedia&parent=9"}],"curies":[{"name":"wp","href":"https:\/\/api.w.org\/{rel}","templated":true}]}}